{"id":25,"date":"2023-10-20T17:40:59","date_gmt":"2023-10-20T20:40:59","guid":{"rendered":"https:\/\/menu.carmillionbr.com\/?page_id=25"},"modified":"2024-10-15T12:05:24","modified_gmt":"2024-10-15T15:05:24","slug":"menu","status":"publish","type":"page","link":"https:\/\/menu.carmillionbr.com\/","title":{"rendered":"menu"},"content":{"rendered":"\t\t<div data-elementor-type=\"wp-page\" data-elementor-id=\"25\" class=\"elementor elementor-25\">\n\t\t\t\t\t\t\t<div class=\"elementor-element elementor-element-4e29820 e-flex e-con-boxed e-con e-parent\" data-id=\"4e29820\" data-element_type=\"container\" data-settings=\"{&quot;background_background&quot;:&quot;classic&quot;,&quot;content_width&quot;:&quot;boxed&quot;}\" data-core-v316-plus=\"true\">\n\t\t\t\t\t<div class=\"e-con-inner\">\n\t\t\t\t<div class=\"elementor-element elementor-element-f6b3e91 elementor-widget elementor-widget-image\" data-id=\"f6b3e91\" data-element_type=\"widget\" data-widget_type=\"image.default\">\n\t\t\t\t<div class=\"elementor-widget-container\">\n\t\t\t<style>\/*! elementor - v3.17.0 - 25-10-2023 *\/\n.elementor-widget-image{text-align:center}.elementor-widget-image a{display:inline-block}.elementor-widget-image a img[src$=\".svg\"]{width:48px}.elementor-widget-image img{vertical-align:middle;display:inline-block}<\/style>\t\t\t\t\t\t\t\t\t\t\t\t<img decoding=\"async\" width=\"800\" height=\"222\" src=\"https:\/\/menu.carmillionbr.com\/wp-content\/uploads\/2023\/10\/logo-sem-icon-1024x284.webp\" class=\"attachment-large size-large wp-image-19\" alt=\"\" srcset=\"https:\/\/menu.carmillionbr.com\/wp-content\/uploads\/2023\/10\/logo-sem-icon-1024x284.webp 1024w, https:\/\/menu.carmillionbr.com\/wp-content\/uploads\/2023\/10\/logo-sem-icon-300x83.webp 300w, https:\/\/menu.carmillionbr.com\/wp-content\/uploads\/2023\/10\/logo-sem-icon-768x213.webp 768w, https:\/\/menu.carmillionbr.com\/wp-content\/uploads\/2023\/10\/logo-sem-icon-1536x427.webp 1536w, https:\/\/menu.carmillionbr.com\/wp-content\/uploads\/2023\/10\/logo-sem-icon-2048x569.webp 2048w\" sizes=\"(max-width: 800px) 100vw, 800px\" \/>\t\t\t\t\t\t\t\t\t\t\t\t\t\t\t<\/div>\n\t\t\t\t<\/div>\n\t\t\t\t<div class=\"elementor-element elementor-element-0fd0878 elementor-widget elementor-widget-heading\" data-id=\"0fd0878\" data-element_type=\"widget\" data-widget_type=\"heading.default\">\n\t\t\t\t<div class=\"elementor-widget-container\">\n\t\t\t<style>\/*! elementor - v3.17.0 - 25-10-2023 *\/\n.elementor-heading-title{padding:0;margin:0;line-height:1}.elementor-widget-heading .elementor-heading-title[class*=elementor-size-]>a{color:inherit;font-size:inherit;line-height:inherit}.elementor-widget-heading .elementor-heading-title.elementor-size-small{font-size:15px}.elementor-widget-heading .elementor-heading-title.elementor-size-medium{font-size:19px}.elementor-widget-heading .elementor-heading-title.elementor-size-large{font-size:29px}.elementor-widget-heading .elementor-heading-title.elementor-size-xl{font-size:39px}.elementor-widget-heading .elementor-heading-title.elementor-size-xxl{font-size:59px}<\/style><h2 class=\"elementor-heading-title elementor-size-default\">Potencialize seus resultados no setor automotivo com a nossa assessoria especializada. Somos o combust\u00edvel que impulsiona o seu sucesso. Deixe-nos guiar voc\u00ea para o p\u00f3dio do setor automotivo.<\/h2>\t\t<\/div>\n\t\t\t\t<\/div>\n\t\t\t\t<div class=\"elementor-element elementor-element-f34a2dc elementor-widget elementor-widget-button\" data-id=\"f34a2dc\" data-element_type=\"widget\" data-widget_type=\"button.default\">\n\t\t\t\t<div class=\"elementor-widget-container\">\n\t\t\t\t\t<div class=\"elementor-button-wrapper\">\n\t\t\t<a class=\"elementor-button elementor-button-link elementor-size-sm\" href=\"#vermais\">\n\t\t\t\t\t\t<span class=\"elementor-button-content-wrapper\">\n\t\t\t\t\t\t<span class=\"elementor-button-text\">Ver Mais<\/span>\n\t\t<\/span>\n\t\t\t\t\t<\/a>\n\t\t<\/div>\n\t\t\t\t<\/div>\n\t\t\t\t<\/div>\n\t\t\t\t\t<\/div>\n\t\t\t\t<\/div>\n\t\t<div class=\"elementor-element elementor-element-0d8726c e-flex e-con-boxed e-con e-parent\" data-id=\"0d8726c\" data-element_type=\"container\" id=\"vermais\" data-settings=\"{&quot;background_background&quot;:&quot;classic&quot;,&quot;content_width&quot;:&quot;boxed&quot;}\" data-core-v316-plus=\"true\">\n\t\t\t\t\t<div class=\"e-con-inner\">\n\t\t\t\t<div class=\"elementor-element elementor-element-006d6ab elementor-widget elementor-widget-image\" data-id=\"006d6ab\" data-element_type=\"widget\" data-widget_type=\"image.default\">\n\t\t\t\t<div class=\"elementor-widget-container\">\n\t\t\t\t\t\t\t\t\t\t\t\t\t\t\t\t<a href=\"https:\/\/carmillionbr.com\/e-book-b\">\n\t\t\t\t\t\t\t<img decoding=\"async\" width=\"720\" height=\"1024\" src=\"https:\/\/menu.carmillionbr.com\/wp-content\/uploads\/2024\/08\/last-720x1024.png\" class=\"elementor-animation-float attachment-large size-large wp-image-165\" alt=\"\" srcset=\"https:\/\/menu.carmillionbr.com\/wp-content\/uploads\/2024\/08\/last-720x1024.png 720w, https:\/\/menu.carmillionbr.com\/wp-content\/uploads\/2024\/08\/last-211x300.png 211w, https:\/\/menu.carmillionbr.com\/wp-content\/uploads\/2024\/08\/last-768x1092.png 768w, https:\/\/menu.carmillionbr.com\/wp-content\/uploads\/2024\/08\/last-1080x1536.png 1080w, https:\/\/menu.carmillionbr.com\/wp-content\/uploads\/2024\/08\/last.png 1350w\" sizes=\"(max-width: 720px) 100vw, 720px\" \/>\t\t\t\t\t\t\t\t<\/a>\n\t\t\t\t\t\t\t\t\t\t\t\t\t\t\t<\/div>\n\t\t\t\t<\/div>\n\t\t\t\t<div class=\"elementor-element elementor-element-1c4b46d elementor-widget elementor-widget-image\" data-id=\"1c4b46d\" data-element_type=\"widget\" data-widget_type=\"image.default\">\n\t\t\t\t<div class=\"elementor-widget-container\">\n\t\t\t\t\t\t\t\t\t\t\t\t\t\t\t\t<a href=\"https:\/\/carmillionbr.com\/\">\n\t\t\t\t\t\t\t<img decoding=\"async\" width=\"720\" height=\"1024\" src=\"https:\/\/menu.carmillionbr.com\/wp-content\/uploads\/2023\/10\/CARD-BLOG-com-borda-2-720x1024.webp\" class=\"elementor-animation-float attachment-large size-large wp-image-78\" alt=\"\" srcset=\"https:\/\/menu.carmillionbr.com\/wp-content\/uploads\/2023\/10\/CARD-BLOG-com-borda-2-720x1024.webp 720w, https:\/\/menu.carmillionbr.com\/wp-content\/uploads\/2023\/10\/CARD-BLOG-com-borda-2-211x300.webp 211w, https:\/\/menu.carmillionbr.com\/wp-content\/uploads\/2023\/10\/CARD-BLOG-com-borda-2-768x1092.webp 768w, https:\/\/menu.carmillionbr.com\/wp-content\/uploads\/2023\/10\/CARD-BLOG-com-borda-2-1080x1536.webp 1080w, https:\/\/menu.carmillionbr.com\/wp-content\/uploads\/2023\/10\/CARD-BLOG-com-borda-2.webp 1350w\" sizes=\"(max-width: 720px) 100vw, 720px\" \/>\t\t\t\t\t\t\t\t<\/a>\n\t\t\t\t\t\t\t\t\t\t\t\t\t\t\t<\/div>\n\t\t\t\t<\/div>\n\t\t\t\t<div class=\"elementor-element elementor-element-04b535b elementor-widget elementor-widget-image\" data-id=\"04b535b\" data-element_type=\"widget\" data-widget_type=\"image.default\">\n\t\t\t\t<div class=\"elementor-widget-container\">\n\t\t\t\t\t\t\t\t\t\t\t\t\t\t\t\t<a href=\"http:\/\/consultoria.carmillionbr.com\">\n\t\t\t\t\t\t\t<img decoding=\"async\" width=\"720\" height=\"1024\" src=\"https:\/\/menu.carmillionbr.com\/wp-content\/uploads\/2023\/10\/CARD-BLOG-com-borda-1-720x1024.webp\" class=\"elementor-animation-float attachment-large size-large wp-image-77\" alt=\"\" srcset=\"https:\/\/menu.carmillionbr.com\/wp-content\/uploads\/2023\/10\/CARD-BLOG-com-borda-1-720x1024.webp 720w, https:\/\/menu.carmillionbr.com\/wp-content\/uploads\/2023\/10\/CARD-BLOG-com-borda-1-211x300.webp 211w, https:\/\/menu.carmillionbr.com\/wp-content\/uploads\/2023\/10\/CARD-BLOG-com-borda-1-768x1092.webp 768w, https:\/\/menu.carmillionbr.com\/wp-content\/uploads\/2023\/10\/CARD-BLOG-com-borda-1-1080x1536.webp 1080w, https:\/\/menu.carmillionbr.com\/wp-content\/uploads\/2023\/10\/CARD-BLOG-com-borda-1.webp 1350w\" sizes=\"(max-width: 720px) 100vw, 720px\" \/>\t\t\t\t\t\t\t\t<\/a>\n\t\t\t\t\t\t\t\t\t\t\t\t\t\t\t<\/div>\n\t\t\t\t<\/div>\n\t\t\t\t<div class=\"elementor-element elementor-element-a41cb1a elementor-widget elementor-widget-image\" data-id=\"a41cb1a\" data-element_type=\"widget\" data-widget_type=\"image.default\">\n\t\t\t\t<div class=\"elementor-widget-container\">\n\t\t\t\t\t\t\t\t\t\t\t\t\t\t\t\t<a href=\"https:\/\/blog.carmillionbr.com\/\">\n\t\t\t\t\t\t\t<img decoding=\"async\" width=\"720\" height=\"1024\" src=\"https:\/\/menu.carmillionbr.com\/wp-content\/uploads\/2023\/10\/CARD-BLOG-com-borda-720x1024.webp\" class=\"elementor-animation-float attachment-large size-large wp-image-76\" alt=\"\" srcset=\"https:\/\/menu.carmillionbr.com\/wp-content\/uploads\/2023\/10\/CARD-BLOG-com-borda-720x1024.webp 720w, https:\/\/menu.carmillionbr.com\/wp-content\/uploads\/2023\/10\/CARD-BLOG-com-borda-211x300.webp 211w, https:\/\/menu.carmillionbr.com\/wp-content\/uploads\/2023\/10\/CARD-BLOG-com-borda-768x1092.webp 768w, https:\/\/menu.carmillionbr.com\/wp-content\/uploads\/2023\/10\/CARD-BLOG-com-borda-1080x1536.webp 1080w, https:\/\/menu.carmillionbr.com\/wp-content\/uploads\/2023\/10\/CARD-BLOG-com-borda.webp 1350w\" sizes=\"(max-width: 720px) 100vw, 720px\" \/>\t\t\t\t\t\t\t\t<\/a>\n\t\t\t\t\t\t\t\t\t\t\t\t\t\t\t<\/div>\n\t\t\t\t<\/div>\n\t\t\t\t\t<\/div>\n\t\t\t\t<\/div>\n\t\t<div class=\"elementor-element elementor-element-7a30462 e-flex e-con-boxed e-con e-parent\" data-id=\"7a30462\" data-element_type=\"container\" data-settings=\"{&quot;background_background&quot;:&quot;classic&quot;,&quot;content_width&quot;:&quot;boxed&quot;}\" data-core-v316-plus=\"true\">\n\t\t\t\t\t<div class=\"e-con-inner\">\n\t\t\t\t<div class=\"elementor-element elementor-element-2b8dbd7 elementor-icon-list--layout-traditional elementor-list-item-link-full_width elementor-widget elementor-widget-icon-list\" data-id=\"2b8dbd7\" data-element_type=\"widget\" data-widget_type=\"icon-list.default\">\n\t\t\t\t<div class=\"elementor-widget-container\">\n\t\t\t<link rel=\"stylesheet\" href=\"https:\/\/menu.carmillionbr.com\/wp-content\/plugins\/elementor\/assets\/css\/widget-icon-list.min.css\">\t\t<ul class=\"elementor-icon-list-items\">\n\t\t\t\t\t\t\t<li class=\"elementor-icon-list-item\">\n\t\t\t\t\t\t\t\t\t\t\t<span class=\"elementor-icon-list-icon\">\n\t\t\t\t\t\t\t<i aria-hidden=\"true\" class=\"far fa-copyright\"><\/i>\t\t\t\t\t\t<\/span>\n\t\t\t\t\t\t\t\t\t\t<span class=\"elementor-icon-list-text\">2023 Carmillion LTDA<\/span>\n\t\t\t\t\t\t\t\t\t<\/li>\n\t\t\t\t\t\t<\/ul>\n\t\t\t\t<\/div>\n\t\t\t\t<\/div>\n\t\t\t\t\t<\/div>\n\t\t\t\t<\/div>\n\t\t\t\t\t\t\t<\/div>\n\t\t","protected":false},"excerpt":{"rendered":"<p>Potencialize seus resultados no setor automotivo com a nossa assessoria especializada. Somos o combust\u00edvel que impulsiona o seu sucesso. Deixe-nos guiar voc\u00ea para o p\u00f3dio do setor automotivo. Ver Mais 2023 Carmillion LTDA<\/p>\n","protected":false},"author":1,"featured_media":0,"parent":0,"menu_order":0,"comment_status":"closed","ping_status":"closed","template":"elementor_canvas","meta":{"footnotes":""},"_links":{"self":[{"href":"https:\/\/menu.carmillionbr.com\/index.php\/wp-json\/wp\/v2\/pages\/25"}],"collection":[{"href":"https:\/\/menu.carmillionbr.com\/index.php\/wp-json\/wp\/v2\/pages"}],"about":[{"href":"https:\/\/menu.carmillionbr.com\/index.php\/wp-json\/wp\/v2\/types\/page"}],"author":[{"embeddable":true,"href":"https:\/\/menu.carmillionbr.com\/index.php\/wp-json\/wp\/v2\/users\/1"}],"replies":[{"embeddable":true,"href":"https:\/\/menu.carmillionbr.com\/index.php\/wp-json\/wp\/v2\/comments?post=25"}],"version-history":[{"count":97,"href":"https:\/\/menu.carmillionbr.com\/index.php\/wp-json\/wp\/v2\/pages\/25\/revisions"}],"predecessor-version":[{"id":192,"href":"https:\/\/menu.carmillionbr.com\/index.php\/wp-json\/wp\/v2\/pages\/25\/revisions\/192"}],"wp:attachment":[{"href":"https:\/\/menu.carmillionbr.com\/index.php\/wp-json\/wp\/v2\/media?parent=25"}],"curies":[{"name":"wp","href":"https:\/\/api.w.org\/{rel}","templated":true}]}}